{"id":553,"date":"2024-01-24T13:45:09","date_gmt":"2024-01-24T12:45:09","guid":{"rendered":"https:\/\/pro-tecs.styleinc.eu\/mentions-legales\/"},"modified":"2025-07-02T16:36:01","modified_gmt":"2025-07-02T14:36:01","slug":"mentions-legales","status":"publish","type":"page","link":"https:\/\/pro-tecs.de\/fr\/mentions-legales\/","title":{"rendered":"Mentions l\u00e9gales"},"content":{"rendered":"<p>[et_pb_section fb_built=\u00a0\u00bb1&Prime; custom_padding_last_edited=\u00a0\u00bbon|tablet\u00a0\u00bb admin_label=\u00a0\u00bbHero Section Content\u00a0\u00bb module_class=\u00a0\u00bbinside-hero-section\u00a0\u00bb _builder_version=\u00a0\u00bb4.24.2&Prime; _module_preset=\u00a0\u00bbdefault\u00a0\u00bb use_background_color_gradient=\u00a0\u00bbon\u00a0\u00bb background_color_gradient_stops=\u00a0\u00bbrgba(0,0,0,0.3) 0%|rgba(0,0,0,0.34) 100%\u00a0\u00bb background_color_gradient_overlays_image=\u00a0\u00bbon\u00a0\u00bb background_image=\u00a0\u00bbhttps:\/\/pro-tecs.de\/wp-content\/uploads\/2024\/01\/hero-img.jpg\u00a0\u00bb parallax=\u00a0\u00bbon\u00a0\u00bb parallax_method=\u00a0\u00bboff\u00a0\u00bb custom_margin=\u00a0\u00bb157px||||false|false\u00a0\u00bb custom_margin_tablet=\u00a0\u00bb100px||||false|false\u00a0\u00bb custom_margin_phone=\u00a0\u00bb126px||||false|false\u00a0\u00bb custom_margin_last_edited=\u00a0\u00bbon|tablet\u00a0\u00bb custom_padding=\u00a0\u00bb188px||407px||false|false\u00a0\u00bb custom_padding_tablet=\u00a0\u00bb69px||207px||false|false\u00a0\u00bb custom_padding_phone=\u00a0\u00bb52px||119px||false|false\u00a0\u00bb background_last_edited=\u00a0\u00bbon|tablet\u00a0\u00bb parallax_tablet=\u00a0\u00bboff\u00a0\u00bb global_colors_info=\u00a0\u00bb{%22gcid-7ac511bd-47e9-4241-98c8-bed0dd7deb16%22:%91%22background_color%22%93}\u00a0\u00bb][et_pb_row use_custom_gutter=\u00a0\u00bbon\u00a0\u00bb gutter_width=\u00a0\u00bb1&Prime; make_equal=\u00a0\u00bbon\u00a0\u00bb admin_label=\u00a0\u00bbSection Hero Content Row\u00a0\u00bb _builder_version=\u00a0\u00bb4.24.0&Prime; _module_preset=\u00a0\u00bbdefault\u00a0\u00bb custom_padding=\u00a0\u00bb0px||0px||true|false\u00a0\u00bb global_colors_info=\u00a0\u00bb{}\u00a0\u00bb][et_pb_column type=\u00a0\u00bb4_4&Prime; module_class=\u00a0\u00bbhero-section-left\u00a0\u00bb _builder_version=\u00a0\u00bb4.24.0&Prime; _module_preset=\u00a0\u00bbdefault\u00a0\u00bb global_colors_info=\u00a0\u00bb{}\u00a0\u00bb][et_pb_text _builder_version=\u00a0\u00bb4.27.4&Prime; _dynamic_attributes=\u00a0\u00bbcontent\u00a0\u00bb _module_preset=\u00a0\u00bbdefault\u00a0\u00bb header_text_color=\u00a0\u00bb#FFFFFF\u00a0\u00bb hover_enabled=\u00a0\u00bb0&Prime; global_colors_info=\u00a0\u00bb{}\u00a0\u00bb module_class=\u00a0\u00bbh1&Prime; sticky_enabled=\u00a0\u00bb0&Prime;]@ET-DC@eyJkeW5hbWljIjp0cnVlLCJjb250ZW50IjoicG9zdF90aXRsZSIsInNldHRpbmdzIjp7ImJlZm9yZSI6IjxoMT4iLCJhZnRlciI6IjxcL2gxPiJ9fQ==@[\/et_pb_text][\/et_pb_column][\/et_pb_row][\/et_pb_section][et_pb_section fb_built=\u00a0\u00bb1&Prime; custom_padding_last_edited=\u00a0\u00bbon|tablet\u00a0\u00bb admin_label=\u00a0\u00bbImpressum Content Section\u00a0\u00bb module_class=\u00a0\u00bbinner-body-top\u00a0\u00bb _builder_version=\u00a0\u00bb4.24.2&Prime; _module_preset=\u00a0\u00bbdefault\u00a0\u00bb custom_padding=\u00a0\u00bb0px||140px||false|false\u00a0\u00bb custom_padding_tablet=\u00a0\u00bb0px||70px||false|false\u00a0\u00bb custom_padding_phone=\u00a0\u00bb0px||50px||false|false\u00a0\u00bb global_colors_info=\u00a0\u00bb{}\u00a0\u00bb][et_pb_row column_structure=\u00a0\u00bb1_3,1_3,1_3&Prime; use_custom_gutter=\u00a0\u00bbon\u00a0\u00bb gutter_width=\u00a0\u00bb1&Prime; make_equal=\u00a0\u00bbon\u00a0\u00bb custom_padding_last_edited=\u00a0\u00bbon|tablet\u00a0\u00bb admin_label=\u00a0\u00bbInformations sur l&#039;entreprise\u00a0\u00bb module_class=\u00a0\u00bbinner-body-top-row\u00a0\u00bb _builder_version=\u00a0\u00bb4.24.2&Prime; _module_preset=\u00a0\u00bbdefault\u00a0\u00bb custom_padding=\u00a0\u00bb0px||50px||false|false\u00a0\u00bb custom_padding_tablet=\u00a0\u00bb||34px||false|false\u00a0\u00bb custom_padding_phone=\u00a0\u00bb||34px||false|false\u00a0\u00bb border_width_bottom=\u00a0\u00bb1px\u00a0\u00bb border_color_bottom=\u00a0\u00bb#000000&Prime; global_colors_info=\u00a0\u00bb{}\u00a0\u00bb][et_pb_column type=\u00a0\u00bb1_3&Prime; module_class=\u00a0\u00bbcolumn1&Prime; _builder_version=\u00a0\u00bb4.24.2&Prime; _module_preset=\u00a0\u00bbdefault\u00a0\u00bb custom_padding=\u00a0\u00bb|50px|||false|false\u00a0\u00bb custom_padding_tablet=\u00a0\u00bb|0px|33px||false|false\u00a0\u00bb custom_padding_phone=\u00a0\u00bb|0px|23px||false|false\u00a0\u00bb custom_padding_last_edited=\u00a0\u00bbon|tablet\u00a0\u00bb global_colors_info=\u00a0\u00bb{}\u00a0\u00bb][et_pb_text admin_label=\u00a0\u00bbPRO-TECS GmbH  Gesch\u00e4ftsf\u00fchrer: Christian Semrau   Feldstra\u00dfe 1  24983 Handewitt\u00a0\u00bb _builder_version=\u00a0\u00bb4.24.2&Prime; _module_preset=\u00a0\u00bbdefault\u00a0\u00bb global_colors_info=\u00a0\u00bb{}\u00a0\u00bb]PRO-TECS GmbH<br \/>\nDirecteur : Christian Semrau <\/p>\n<p>Feldstra\u00dfe 1<br \/>\n24983 Handewitt[\/et_pb_text][\/et_pb_column][et_pb_column type=\u00a0\u00bb1_3&Prime; _builder_version=\u00a0\u00bb4.24.2&Prime; _module_preset=\u00a0\u00bbdefault\u00a0\u00bb custom_padding=\u00a0\u00bb|50px||50px|false|true\u00a0\u00bb custom_padding_tablet=\u00a0\u00bb33px|0px|35px|0px|false|true\u00a0\u00bb custom_padding_phone=\u00a0\u00bb23px|0px|23px|0px|true|true\u00a0\u00bb custom_padding_last_edited=\u00a0\u00bbon|tablet\u00a0\u00bb border_width_right=\u00a0\u00bb1px\u00a0\u00bb border_color_right=\u00a0\u00bb#000000&Prime; border_color_bottom=\u00a0\u00bb#000000&Prime; border_width_left=\u00a0\u00bb1px\u00a0\u00bb border_color_left=\u00a0\u00bb#000000&Prime; border_width_top_tablet=\u00a0\u00bb1px\u00a0\u00bb border_width_top_phone=\u00a0\u00bb1px\u00a0\u00bb border_width_top_last_edited=\u00a0\u00bbon|tablet\u00a0\u00bb border_width_right_tablet=\u00a0\u00bb0px\u00a0\u00bb border_width_right_phone=\u00a0\u00bb0px\u00a0\u00bb border_width_right_last_edited=\u00a0\u00bbon|tablet\u00a0\u00bb border_width_bottom_tablet=\u00a0\u00bb1px\u00a0\u00bb border_width_bottom_phone=\u00a0\u00bb1px\u00a0\u00bb border_width_bottom_last_edited=\u00a0\u00bbon|tablet\u00a0\u00bb border_width_left_tablet=\u00a0\u00bb0px\u00a0\u00bb border_width_left_phone=\u00a0\u00bb0px\u00a0\u00bb border_width_left_last_edited=\u00a0\u00bbon|tablet\u00a0\u00bb global_colors_info=\u00a0\u00bb{}\u00a0\u00bb][et_pb_text admin_label=\u00a0\u00bbTel.: +49 (0) 4608 9736900 Fax: +49 (0) 4608 9736915 Mail: info(@)pro-tecs.de\u00a0\u00bb _builder_version=\u00a0\u00bb4.24.2&Prime; _module_preset=\u00a0\u00bbdefault\u00a0\u00bb global_colors_info=\u00a0\u00bb{}\u00a0\u00bb]<a href=\"tel:+49%20(0)%204608%209736900\">49 (0) 4608 9736900<\/a><br \/>\n<strong>Fax : <\/strong> +49 (0) 4608 9736915<br \/>\n<strong>Mail :<\/strong> <a href=\"mailto:info(@)pro-tecs.de\">info(@)pro-tecs.de <\/a>[\/et_pb_text][\/et_pb_column][et_pb_column type=\u00a0\u00bb1_3&Prime; _builder_version=\u00a0\u00bb4.24.2&Prime; _module_preset=\u00a0\u00bbdefault\u00a0\u00bb custom_padding=\u00a0\u00bb|||50px|false|false\u00a0\u00bb custom_padding_tablet=\u00a0\u00bb33px|||0px|false|false\u00a0\u00bb custom_padding_phone=\u00a0\u00bb23px|||0px|false|false\u00a0\u00bb custom_padding_last_edited=\u00a0\u00bbon|tablet\u00a0\u00bb global_colors_info=\u00a0\u00bb{}\u00a0\u00bb][et_pb_text admin_label=\u00a0\u00bbWeb: www.pro-tecs.de Shop: www.shop.pro-tecs.de HBR Nr.: 12428 Flensburg  Ust. ID: DE815705498&Prime; _builder_version=\u00a0\u00bb4.24.2&Prime; _module_preset=\u00a0\u00bbdefault\u00a0\u00bb global_colors_info=\u00a0\u00bb{}\u00a0\u00bb]<strong>Web :<\/strong> <a href=\"https:\/\/pro-tecs.de\/fr\/\">www.pro-tecs.fr<\/a><br \/>\n<strong>Boutique en ligne :<\/strong>  <a href=\"https:\/\/shop.pro-tecs.de\/\">www.shop.pro-tecs.de <\/a> <\/p>\n<p><strong>N\u00b0 HBR :<\/strong> 12428 Flensburg  <\/p>\n<p><strong>TVA ID :<\/strong> &#8211; follows -[\/et_pb_text][\/et_pb_column][\/et_pb_row][et_pb_row use_custom_gutter=\u00a0\u00bbon\u00a0\u00bb gutter_width=\u00a0\u00bb1&Prime; make_equal=\u00a0\u00bbon\u00a0\u00bb custom_padding_last_edited=\u00a0\u00bbon|tablet\u00a0\u00bb admin_label=\u00a0\u00bbResponsabilit\u00e9 du contenu\u00a0\u00bb _builder_version=\u00a0\u00bb4.24.2&Prime; _module_preset=\u00a0\u00bbdefault\u00a0\u00bb custom_padding=\u00a0\u00bb45px||40px||false|false\u00a0\u00bb custom_padding_tablet=\u00a0\u00bb33px||33px||true|false\u00a0\u00bb custom_padding_phone=\u00a0\u00bb23px||23px||true|false\u00a0\u00bb border_width_bottom=\u00a0\u00bb1px\u00a0\u00bb border_color_bottom=\u00a0\u00bb#000000&Prime; global_colors_info=\u00a0\u00bb{}\u00a0\u00bb][et_pb_column type=\u00a0\u00bb4_4&Prime; _builder_version=\u00a0\u00bb4.24.0&Prime; _module_preset=\u00a0\u00bbdefault\u00a0\u00bb custom_padding=\u00a0\u00bb||||false|false\u00a0\u00bb global_colors_info=\u00a0\u00bb{}\u00a0\u00bb][et_pb_text admin_label=\u00a0\u00bbHaftung f\u00fcr Inhalte\u00a0\u00bb _builder_version=\u00a0\u00bb4.27.4&Prime; _module_preset=\u00a0\u00bbdefault\u00a0\u00bb header_4_text_color=\u00a0\u00bbgcid-7ac511bd-47e9-4241-98c8-bed0dd7deb16&Prime; hover_enabled=\u00a0\u00bb0&Prime; global_colors_info=\u00a0\u00bb{%22gcid-7ac511bd-47e9-4241-98c8-bed0dd7deb16%22:%91%22header_4_text_color%22%93,%22gcid-primary-color%22:%91%22header_2_text_color%22%93}\u00a0\u00bb module_class=\u00a0\u00bbh4&Prime; header_2_text_color=\u00a0\u00bbgcid-primary-color\u00a0\u00bb sticky_enabled=\u00a0\u00bb0&Prime;]<\/p>\n<h2>Responsabilit\u00e9 du contenu<\/h2>\n<p>[\/et_pb_text][et_pb_text admin_label=\u00a0\u00bbAls Diensteanbieter sind wir gem\u00e4\u00df \u00a7 7 Abs.1 TMG f\u00fcr eigene Inhalte auf diesen Seiten nach den allgemeinen Gesetzen verantwortlich.\u00a0\u00bb _builder_version=\u00a0\u00bb4.24.2&Prime; _module_preset=\u00a0\u00bbdefault\u00a0\u00bb global_colors_info=\u00a0\u00bb{}\u00a0\u00bb]<\/p>\n<p>En tant que prestataire de services, nous sommes tenus, conform\u00e9ment au \u00a7 7 al.1 TMG pour ses propres contenus sur ces pages selon les lois g\u00e9n\u00e9rales. Selon les \u00a7\u00a7 8 \u00e0 10 de la loi allemande sur les m\u00e9dias \u00e9lectroniques (TMG), nous ne sommes toutefois pas tenus, en tant que prestataire de services, de surveiller les informations externes transmises ou enregistr\u00e9es ou de rechercher des circonstances indiquant une activit\u00e9 ill\u00e9gale. Les obligations de supprimer ou de bloquer l&rsquo;utilisation d&rsquo;informations conform\u00e9ment aux lois g\u00e9n\u00e9rales restent inchang\u00e9es. Une responsabilit\u00e9 \u00e0 cet \u00e9gard n&rsquo;est toutefois possible qu&rsquo;\u00e0 partir du moment o\u00f9 une violation concr\u00e8te de la loi est connue. D\u00e8s que nous aurons connaissance de telles violations, nous retirerons imm\u00e9diatement ces contenus.<\/p>\n<p>[\/et_pb_text][\/et_pb_column][\/et_pb_row][et_pb_row use_custom_gutter=\u00a0\u00bbon\u00a0\u00bb gutter_width=\u00a0\u00bb1&Prime; make_equal=\u00a0\u00bbon\u00a0\u00bb custom_padding_last_edited=\u00a0\u00bbon|tablet\u00a0\u00bb admin_label=\u00a0\u00bbResponsabilit\u00e9 pour les liens\u00a0\u00bb _builder_version=\u00a0\u00bb4.24.2&Prime; _module_preset=\u00a0\u00bbdefault\u00a0\u00bb custom_padding=\u00a0\u00bb45px||40px||false|false\u00a0\u00bb custom_padding_tablet=\u00a0\u00bb33px||33px||true|false\u00a0\u00bb custom_padding_phone=\u00a0\u00bb23px||23px||true|false\u00a0\u00bb border_width_bottom=\u00a0\u00bb1px\u00a0\u00bb border_color_bottom=\u00a0\u00bb#000000&Prime; global_colors_info=\u00a0\u00bb{%22gcid-7ac511bd-47e9-4241-98c8-bed0dd7deb16%22:%91%22header_4_text_color%22%93,%22gcid-primary-color%22:%91%22header_2_text_color%22%93}\u00a0\u00bb title_2_text_color=\u00a0\u00bbgcid-primary-color\u00a0\u00bb title_4_text_color=\u00a0\u00bbgcid-7ac511bd-47e9-4241-98c8-bed0dd7deb16&Prime;][et_pb_column type=\u00a0\u00bb4_4&Prime; _builder_version=\u00a0\u00bb4.24.0&Prime; _module_preset=\u00a0\u00bbdefault\u00a0\u00bb custom_padding=\u00a0\u00bb||||false|false\u00a0\u00bb global_colors_info=\u00a0\u00bb{}\u00a0\u00bb][et_pb_text admin_label=\u00a0\u00bbHaftung f\u00fcr Links \u00a0\u00bb _builder_version=\u00a0\u00bb4.27.4&Prime; _module_preset=\u00a0\u00bbdefault\u00a0\u00bb header_4_text_color=\u00a0\u00bbgcid-7ac511bd-47e9-4241-98c8-bed0dd7deb16&Prime; hover_enabled=\u00a0\u00bb0&Prime; global_colors_info=\u00a0\u00bb{%22gcid-7ac511bd-47e9-4241-98c8-bed0dd7deb16%22:%91%22header_4_text_color%22%93,%22gcid-primary-color%22:%91%22header_2_text_color%22%93}\u00a0\u00bb module_class=\u00a0\u00bbh4&Prime; sticky_enabled=\u00a0\u00bb0&Prime; header_2_text_color=\u00a0\u00bbgcid-primary-color\u00a0\u00bb]<\/p>\n<h2>Responsabilit\u00e9 pour les liens<\/h2>\n<p>[\/et_pb_text][et_pb_text admin_label=\u00a0\u00bbUnser Angebot enth\u00e4lt Links zu externen Webseiten Dritter, auf deren Inhalte wir keinen Einfluss haben.\u00a0\u00bb _builder_version=\u00a0\u00bb4.24.2&Prime; _module_preset=\u00a0\u00bbdefault\u00a0\u00bb global_colors_info=\u00a0\u00bb{}\u00a0\u00bb]Notre offre contient des liens vers des sites web externes de tiers, sur le contenu desquels nous n&rsquo;avons aucune influence. C&rsquo;est pourquoi nous ne pouvons pas non plus nous porter garants de ces contenus \u00e9trangers. Le fournisseur ou l&rsquo;exploitant des pages li\u00e9es est toujours responsable du contenu de ces pages. Les pages li\u00e9es ont \u00e9t\u00e9 v\u00e9rifi\u00e9es au moment de la cr\u00e9ation du lien afin de s&rsquo;assurer qu&rsquo;elles n&rsquo;enfreignaient pas la loi. Aucun contenu ill\u00e9gal n&rsquo;a \u00e9t\u00e9 identifi\u00e9 au moment de la cr\u00e9ation des liens. Un contr\u00f4le permanent du contenu des pages li\u00e9es n&rsquo;est toutefois pas exigible sans indices concrets d&rsquo;une violation de la loi. D\u00e8s que nous aurons connaissance de violations de la loi, nous supprimerons imm\u00e9diatement de tels liens.[\/et_pb_text][\/et_pb_column][\/et_pb_row][et_pb_row use_custom_gutter=\u00a0\u00bbon\u00a0\u00bb gutter_width=\u00a0\u00bb1&Prime; make_equal=\u00a0\u00bbon\u00a0\u00bb custom_padding_last_edited=\u00a0\u00bbon|tablet\u00a0\u00bb admin_label=\u00a0\u00bbDroit d&#039;auteur\u00a0\u00bb _builder_version=\u00a0\u00bb4.24.2&Prime; _module_preset=\u00a0\u00bbdefault\u00a0\u00bb custom_padding=\u00a0\u00bb45px||40px||false|false\u00a0\u00bb custom_padding_tablet=\u00a0\u00bb33px||33px||true|false\u00a0\u00bb custom_padding_phone=\u00a0\u00bb23px||23px||true|false\u00a0\u00bb border_width_bottom=\u00a0\u00bb1px\u00a0\u00bb border_color_bottom=\u00a0\u00bb#000000&Prime; global_colors_info=\u00a0\u00bb{}\u00a0\u00bb][et_pb_column type=\u00a0\u00bb4_4&Prime; _builder_version=\u00a0\u00bb4.24.0&Prime; _module_preset=\u00a0\u00bbdefault\u00a0\u00bb custom_padding=\u00a0\u00bb||||false|false\u00a0\u00bb global_colors_info=\u00a0\u00bb{}\u00a0\u00bb][et_pb_text admin_label=\u00a0\u00bbUrheberrecht\u00a0\u00bb _builder_version=\u00a0\u00bb4.27.4&Prime; _module_preset=\u00a0\u00bbdefault\u00a0\u00bb header_4_text_color=\u00a0\u00bbgcid-7ac511bd-47e9-4241-98c8-bed0dd7deb16&Prime; hover_enabled=\u00a0\u00bb0&Prime; global_colors_info=\u00a0\u00bb{%22gcid-7ac511bd-47e9-4241-98c8-bed0dd7deb16%22:%91%22header_4_text_color%22,%22header_4_text_color%22%93,%22gcid-primary-color%22:%91%22header_2_text_color%22%93}\u00a0\u00bb header_2_text_color=\u00a0\u00bbgcid-primary-color\u00a0\u00bb module_class=\u00a0\u00bbh4&Prime; sticky_enabled=\u00a0\u00bb0&Prime;]<\/p>\n<h2>Droit d&rsquo;auteur<\/h2>\n<p>[\/et_pb_text][et_pb_text admin_label=\u00a0\u00bbDie durch die Seitenbetreiber erstellten Inhalte und Werke auf diesen Seiten unterliegen dem deutschen Urheberrecht. Die Vervielf\u00e4ltigung, Bearbeitung, Verbreitung und jede Art der Verwertung au\u00dferhalb der Grenzen des Urheberrechtes bed\u00fcrfen der schriftlichen Zustimmung des jeweiligen Autors bzw. Erstellers.\u00a0\u00bb _builder_version=\u00a0\u00bb4.24.2&Prime; _module_preset=\u00a0\u00bbdefault\u00a0\u00bb global_colors_info=\u00a0\u00bb{}\u00a0\u00bb]Les contenus et \u0153uvres cr\u00e9\u00e9s par les exploitants de ces pages sont soumis au droit d&rsquo;auteur allemand. La reproduction, le traitement, la diffusion et toute forme d&rsquo;exploitation en dehors des limites du droit d&rsquo;auteur requi\u00e8rent l&rsquo;accord \u00e9crit de l&rsquo;auteur ou du cr\u00e9ateur concern\u00e9. Les t\u00e9l\u00e9chargements et les copies de cette page ne sont autoris\u00e9s que pour un usage priv\u00e9 et non commercial. Dans la mesure o\u00f9 les contenus de ce site n&rsquo;ont pas \u00e9t\u00e9 cr\u00e9\u00e9s par l&rsquo;exploitant, les droits d&rsquo;auteur de tiers sont respect\u00e9s. En particulier, les contenus de tiers sont identifi\u00e9s comme tels. Si vous deviez n\u00e9anmoins constater une violation des droits d&rsquo;auteur, nous vous prions de nous en informer. D\u00e8s que nous aurons connaissance d&rsquo;une violation de la loi, nous supprimerons imm\u00e9diatement de tels contenus. [\/et_pb_text][\/et_pb_column][\/et_pb_row][et_pb_row use_custom_gutter=\u00a0\u00bbon\u00a0\u00bb gutter_width=\u00a0\u00bb1&Prime; make_equal=\u00a0\u00bbon\u00a0\u00bb custom_padding_last_edited=\u00a0\u00bbon|tablet\u00a0\u00bb admin_label=\u00a0\u00bbConception, mise en page et programmation\u00a0\u00bb _builder_version=\u00a0\u00bb4.24.2&Prime; _module_preset=\u00a0\u00bbdefault\u00a0\u00bb custom_padding=\u00a0\u00bb45px||0px||false|false\u00a0\u00bb custom_padding_tablet=\u00a0\u00bb33px||||false|false\u00a0\u00bb custom_padding_phone=\u00a0\u00bb23px||||false|false\u00a0\u00bb border_color_bottom=\u00a0\u00bb#000000&Prime; global_colors_info=\u00a0\u00bb{}\u00a0\u00bb][et_pb_column type=\u00a0\u00bb4_4&Prime; _builder_version=\u00a0\u00bb4.24.0&Prime; _module_preset=\u00a0\u00bbdefault\u00a0\u00bb custom_padding=\u00a0\u00bb||||false|false\u00a0\u00bb global_colors_info=\u00a0\u00bb{}\u00a0\u00bb][et_pb_text admin_label=\u00a0\u00bbKonzeption, Gestaltung und Programmierung\u00a0\u00bb _builder_version=\u00a0\u00bb4.27.4&Prime; _module_preset=\u00a0\u00bbdefault\u00a0\u00bb header_4_text_color=\u00a0\u00bbgcid-7ac511bd-47e9-4241-98c8-bed0dd7deb16&Prime; hover_enabled=\u00a0\u00bb0&Prime; global_colors_info=\u00a0\u00bb{%22gcid-7ac511bd-47e9-4241-98c8-bed0dd7deb16%22:%91%22header_4_text_color%22,%22header_4_text_color%22%93,%22gcid-primary-color%22:%91%22header_2_text_color%22%93}\u00a0\u00bb header_2_text_color=\u00a0\u00bbgcid-primary-color\u00a0\u00bb module_class=\u00a0\u00bbh4&Prime; sticky_enabled=\u00a0\u00bb0&Prime;]<\/p>\n<h2>Conception, mise en page et programmation<\/h2>\n<p>[\/et_pb_text][et_pb_text admin_label=\u00a0\u00bbStyleInc. https:\/\/styleinc.eu  Alle Rechte vorbehalten.\u00a0\u00bb _builder_version=\u00a0\u00bb4.24.2&Prime; _module_preset=\u00a0\u00bbdefault\u00a0\u00bb global_colors_info=\u00a0\u00bb{}\u00a0\u00bb]<\/p>\n<p><strong>StyleInc.<\/strong>  <a href=\"https:\/\/www.styleinc.eu\/\" target=\"_blank\" rel=\"noopener nofollow\">https:\/\/styleinc.eu<\/a><\/p>\n<p>Tous droits r\u00e9serv\u00e9s.  <\/p>\n<p>[\/et_pb_text][\/et_pb_column][\/et_pb_row][\/et_pb_section]<\/p>\n","protected":false},"excerpt":{"rendered":"<p>PRO-TECS GmbH Directeur : Christian Semrau Feldstra\u00dfe 1 24983 Handewitt49 (0) 4608 9736900 Fax : +49 (0) 4608 9736915 Mail : info(@)pro-tecs.de Web : www.pro-tecs.fr Boutique en ligne : www.shop.pro-tecs.de N\u00b0 HBR : 12428 Flensburg TVA ID : &#8211; follows -Responsabilit\u00e9 du contenuEn tant que prestataire de services, nous sommes tenus, conform\u00e9ment au \u00a7 7 [&hellip;]<\/p>\n","protected":false},"author":1,"featured_media":0,"parent":0,"menu_order":0,"comment_status":"closed","ping_status":"closed","template":"","meta":{"_et_pb_use_builder":"on","_et_pb_old_content":"","_et_gb_content_width":"","inline_featured_image":false,"footnotes":""},"class_list":["post-553","page","type-page","status-publish","hentry"],"_links":{"self":[{"href":"https:\/\/pro-tecs.de\/fr\/wp-json\/wp\/v2\/pages\/553","targetHints":{"allow":["GET"]}}],"collection":[{"href":"https:\/\/pro-tecs.de\/fr\/wp-json\/wp\/v2\/pages"}],"about":[{"href":"https:\/\/pro-tecs.de\/fr\/wp-json\/wp\/v2\/types\/page"}],"author":[{"embeddable":true,"href":"https:\/\/pro-tecs.de\/fr\/wp-json\/wp\/v2\/users\/1"}],"replies":[{"embeddable":true,"href":"https:\/\/pro-tecs.de\/fr\/wp-json\/wp\/v2\/comments?post=553"}],"version-history":[{"count":10,"href":"https:\/\/pro-tecs.de\/fr\/wp-json\/wp\/v2\/pages\/553\/revisions"}],"predecessor-version":[{"id":6849,"href":"https:\/\/pro-tecs.de\/fr\/wp-json\/wp\/v2\/pages\/553\/revisions\/6849"}],"wp:attachment":[{"href":"https:\/\/pro-tecs.de\/fr\/wp-json\/wp\/v2\/media?parent=553"}],"curies":[{"name":"wp","href":"https:\/\/api.w.org\/{rel}","templated":true}]}}