{"id":2880,"date":"2024-02-21T14:21:33","date_gmt":"2024-02-21T13:21:33","guid":{"rendered":"https:\/\/pro-tecs.de\/antennes\/"},"modified":"2025-07-02T17:33:55","modified_gmt":"2025-07-02T15:33:55","slug":"antennes","status":"publish","type":"page","link":"https:\/\/pro-tecs.de\/fr\/antennes\/","title":{"rendered":"Antennes"},"content":{"rendered":"<p>[et_pb_section fb_built=\u00a0\u00bb1&Prime; custom_padding_last_edited=\u00a0\u00bbon|tablet\u00a0\u00bb admin_label=\u00a0\u00bbHero Section\u00a0\u00bb module_class=\u00a0\u00bbinside-hero-section\u00a0\u00bb _builder_version=\u00a0\u00bb4.24.2&Prime; _module_preset=\u00a0\u00bbdefault\u00a0\u00bb use_background_color_gradient=\u00a0\u00bbon\u00a0\u00bb background_color_gradient_stops=\u00a0\u00bbrgba(0,0,0,0.3) 0%|rgba(0,0,0,0.34) 100%\u00a0\u00bb background_color_gradient_overlays_image=\u00a0\u00bbon\u00a0\u00bb background_image=\u00a0\u00bbhttps:\/\/pro-tecs.de\/wp-content\/uploads\/2024\/01\/hero-img.jpg\u00a0\u00bb parallax=\u00a0\u00bbon\u00a0\u00bb parallax_method=\u00a0\u00bboff\u00a0\u00bb custom_margin=\u00a0\u00bb157px||||false|false\u00a0\u00bb custom_margin_tablet=\u00a0\u00bb100px||||false|false\u00a0\u00bb custom_margin_phone=\u00a0\u00bb126px||||false|false\u00a0\u00bb custom_margin_last_edited=\u00a0\u00bbon|tablet\u00a0\u00bb custom_padding=\u00a0\u00bb188px||407px||false|false\u00a0\u00bb custom_padding_tablet=\u00a0\u00bb69px||207px||false|false\u00a0\u00bb custom_padding_phone=\u00a0\u00bb52px||119px||false|false\u00a0\u00bb background_last_edited=\u00a0\u00bbon|tablet\u00a0\u00bb parallax_tablet=\u00a0\u00bboff\u00a0\u00bb border_color_bottom=\u00a0\u00bb#FFFFFF\u00a0\u00bb global_colors_info=\u00a0\u00bb{%22gcid-7ac511bd-47e9-4241-98c8-bed0dd7deb16%22:%91%22background_color%22,%22background_color%22%93}\u00a0\u00bb][et_pb_row admin_label=\u00a0\u00bbRang\u00e9e de section Hero\u00a0\u00bb _builder_version=\u00a0\u00bb4.24.0&Prime; _module_preset=\u00a0\u00bbdefault\u00a0\u00bb custom_padding=\u00a0\u00bb0px||0px||true|false\u00a0\u00bb global_colors_info=\u00a0\u00bb{}\u00a0\u00bb][et_pb_column type=\u00a0\u00bb4_4&Prime; _builder_version=\u00a0\u00bb4.24.0&Prime; _module_preset=\u00a0\u00bbdefault\u00a0\u00bb global_colors_info=\u00a0\u00bb{}\u00a0\u00bb][et_pb_text admin_label=\u00a0\u00bbPage Title\u00a0\u00bb module_class=\u00a0\u00bbh1&Prime; _builder_version=\u00a0\u00bb4.27.4&Prime; _dynamic_attributes=\u00a0\u00bbcontent\u00a0\u00bb _module_preset=\u00a0\u00bbdefault\u00a0\u00bb header_text_color=\u00a0\u00bb#FFFFFF\u00a0\u00bb custom_padding=\u00a0\u00bb||0px||false|false\u00a0\u00bb border_color_bottom=\u00a0\u00bb#FFFFFF\u00a0\u00bb global_colors_info=\u00a0\u00bb{}\u00a0\u00bb]@ET-DC@eyJkeW5hbWljIjp0cnVlLCJjb250ZW50IjoicG9zdF90aXRsZSIsInNldHRpbmdzIjp7ImJlZm9yZSI6IjxoMT4iLCJhZnRlciI6IjxcL2gxPiJ9fQ==@[\/et_pb_text][\/et_pb_column][\/et_pb_row][\/et_pb_section][et_pb_section fb_built=\u00a0\u00bb1&Prime; custom_padding_last_edited=\u00a0\u00bbon|tablet\u00a0\u00bb admin_label=\u00a0\u00bbBody Section\u00a0\u00bb module_class=\u00a0\u00bbinner-body-top\u00a0\u00bb _builder_version=\u00a0\u00bb4.24.2&Prime; _module_preset=\u00a0\u00bbdefault\u00a0\u00bb custom_padding=\u00a0\u00bb0px||150px||false|false\u00a0\u00bb custom_padding_tablet=\u00a0\u00bb0px||20px||false|false\u00a0\u00bb custom_padding_phone=\u00a0\u00bb0px||20px||false|false\u00a0\u00bb global_colors_info=\u00a0\u00bb{}\u00a0\u00bb][et_pb_row use_custom_gutter=\u00a0\u00bbon\u00a0\u00bb gutter_width=\u00a0\u00bb1&Prime; make_equal=\u00a0\u00bbon\u00a0\u00bb admin_label=\u00a0\u00bbRang\u00e9e de section de corps\u00a0\u00bb module_class=\u00a0\u00bbinner-body-top-row\u00a0\u00bb _builder_version=\u00a0\u00bb4.24.2&Prime; _module_preset=\u00a0\u00bbdefault\u00a0\u00bb custom_padding=\u00a0\u00bb0px||0px||true|false\u00a0\u00bb global_colors_info=\u00a0\u00bb{}\u00a0\u00bb][et_pb_column type=\u00a0\u00bb4_4&Prime; module_class=\u00a0\u00bbcolumn1&Prime; _builder_version=\u00a0\u00bb4.24.2&Prime; _module_preset=\u00a0\u00bbdefault\u00a0\u00bb global_colors_info=\u00a0\u00bb{}\u00a0\u00bb][et_pb_text admin_label=\u00a0\u00bbAntennen f\u00fcr verschiedene Anwendung\u00a0\u00bb module_class=\u00a0\u00bbh2&Prime; _builder_version=\u00a0\u00bb4.27.4&Prime; _module_preset=\u00a0\u00bbdefault\u00a0\u00bb header_3_text_color=\u00a0\u00bbgcid-7ac511bd-47e9-4241-98c8-bed0dd7deb16&Prime; text_orientation=\u00a0\u00bbcenter\u00a0\u00bb module_alignment=\u00a0\u00bbcenter\u00a0\u00bb custom_margin=\u00a0\u00bb||12px||false|false\u00a0\u00bb locked=\u00a0\u00bboff\u00a0\u00bb global_colors_info=\u00a0\u00bb{%22gcid-7ac511bd-47e9-4241-98c8-bed0dd7deb16%22:%91%22header_3_text_color%22%93}\u00a0\u00bb]<\/p>\n<h2>Antennes pour diff\u00e9rentes applications<\/h2>\n<p>[\/et_pb_text][et_pb_text admin_label=\u00a0\u00bbZur drahtlosen \u00dcbertragung von Daten und Sprache ist die Auswahl der richtigen Antenne entscheiden. PRO-TECS bietet als Vollsortimenter ein breites Spektrum professioneller Antennen f\u00fchrender Hersteller an.  PRO-TECS ist spezialisiert im Bereich der professionellen Funktechnik mit Standards wie TETRA BOS, DMR, LTE450, Flugfunksysteme oder Analogfunksysteme und in Anwendungen f\u00fcr Mobilfunk wie 5G, LTE, WLAN.\u00a0\u00bb _builder_version=\u00a0\u00bb4.24.2&Prime; _module_preset=\u00a0\u00bbdefault\u00a0\u00bb header_3_text_color=\u00a0\u00bbgcid-7ac511bd-47e9-4241-98c8-bed0dd7deb16&Prime; text_orientation=\u00a0\u00bbcenter\u00a0\u00bb max_width=\u00a0\u00bb1000px\u00a0\u00bb module_alignment=\u00a0\u00bbcenter\u00a0\u00bb custom_margin=\u00a0\u00bb||33px||false|false\u00a0\u00bb locked=\u00a0\u00bboff\u00a0\u00bb global_colors_info=\u00a0\u00bb{%22gcid-7ac511bd-47e9-4241-98c8-bed0dd7deb16%22:%91%22header_3_text_color%22%93}\u00a0\u00bb]<\/p>\n<p>Pour la transmission sans fil des donn\u00e9es et de la voix, il est essentiel de choisir la bonne antenne. PRO-TECS, en tant que fournisseur complet, propose une large gamme d&rsquo;antennes professionnelles des principaux fabricants.<\/p>\n<p>PRO-TECS est sp\u00e9cialis\u00e9 dans le domaine de la radiocommunication professionnelle avec des normes telles que TETRA BOS, DMR, LTE450, les syst\u00e8mes de radiocommunication a\u00e9ronautique ou les syst\u00e8mes de radiocommunication analogique et dans les applications pour la t\u00e9l\u00e9phonie mobile telles que 5G, LTE, WLAN.<\/p>\n<p>[\/et_pb_text][et_pb_text admin_label=\u00a0\u00bbEine verl\u00e4ssliche Verbindung ist essenziell, damit Sie sich in jeder Situation zuverl\u00e4ssig auf die Kommunikationsdienste verlassen k\u00f6nnen.\u00a0\u00bb module_class=\u00a0\u00bbh4&Prime; _builder_version=\u00a0\u00bb4.27.4&Prime; _module_preset=\u00a0\u00bbdefault\u00a0\u00bb header_3_text_align=\u00a0\u00bbcenter\u00a0\u00bb header_3_text_color=\u00a0\u00bb#0068A3&Prime; header_4_text_align=\u00a0\u00bbcenter\u00a0\u00bb header_4_text_color=\u00a0\u00bbgcid-7ac511bd-47e9-4241-98c8-bed0dd7deb16&Prime; header_5_text_align=\u00a0\u00bbcenter\u00a0\u00bb header_5_text_color=\u00a0\u00bbgcid-7ac511bd-47e9-4241-98c8-bed0dd7deb16&Prime; max_width=\u00a0\u00bb1100px\u00a0\u00bb module_alignment=\u00a0\u00bbcenter\u00a0\u00bb global_colors_info=\u00a0\u00bb{%22gcid-7ac511bd-47e9-4241-98c8-bed0dd7deb16%22:%91%22header_5_text_color%22,%22header_4_text_color%22%93}\u00a0\u00bb]<\/p>\n<h3>Une connexion fiable est essentielle pour que vous puissiez compter sur les services de communication dans toutes les situations.<\/h3>\n<p>[\/et_pb_text][\/et_pb_column][\/et_pb_row][et_pb_row column_structure=\u00a0\u00bb1_4,1_4,1_4,1_4&Prime; use_custom_gutter=\u00a0\u00bbon\u00a0\u00bb gutter_width=\u00a0\u00bb2&Prime; make_equal=\u00a0\u00bbon\u00a0\u00bb custom_padding_last_edited=\u00a0\u00bbon|tablet\u00a0\u00bb module_class=\u00a0\u00bbsolution-product-img product-inrto-pods\u00a0\u00bb _builder_version=\u00a0\u00bb4.24.2&Prime; _module_preset=\u00a0\u00bbdefault\u00a0\u00bb width=\u00a0\u00bb90%\u00a0\u00bb width_tablet=\u00a0\u00bb80%\u00a0\u00bb width_phone=\u00a0\u00bb80%\u00a0\u00bb width_last_edited=\u00a0\u00bbon|phone\u00a0\u00bb max_width=\u00a0\u00bb90%\u00a0\u00bb max_width_tablet=\u00a0\u00bb80%\u00a0\u00bb max_width_phone=\u00a0\u00bb80%\u00a0\u00bb max_width_last_edited=\u00a0\u00bbon|tablet\u00a0\u00bb custom_padding=\u00a0\u00bb80px||0px||false|false\u00a0\u00bb custom_padding_tablet=\u00a0\u00bb42px||||false|false\u00a0\u00bb custom_padding_phone=\u00a0\u00bb22px||||false|false\u00a0\u00bb global_colors_info=\u00a0\u00bb{}\u00a0\u00bb][et_pb_column type=\u00a0\u00bb1_4&Prime; _builder_version=\u00a0\u00bb4.24.2&Prime; _module_preset=\u00a0\u00bbdefault\u00a0\u00bb background_color=\u00a0\u00bbgcid-7ac511bd-47e9-4241-98c8-bed0dd7deb16&Prime; animation_style=\u00a0\u00bbslide\u00a0\u00bb animation_direction=\u00a0\u00bbbottom\u00a0\u00bb animation_intensity_slide=\u00a0\u00bb10%\u00a0\u00bb global_colors_info=\u00a0\u00bb{%22gcid-7ac511bd-47e9-4241-98c8-bed0dd7deb16%22:%91%22background_color%22%93}\u00a0\u00bb][et_pb_image src=\u00a0\u00bbhttps:\/\/pro-tecs.de\/wp-content\/uploads\/2024\/03\/FeststationsAntennen.jpg\u00a0\u00bb title_text=\u00a0\u00bbAntennes de station fixe\u00a0\u00bb show_in_lightbox=\u00a0\u00bbon\u00a0\u00bb _builder_version=\u00a0\u00bb4.27.4&Prime; _module_preset=\u00a0\u00bbdefault\u00a0\u00bb custom_margin=\u00a0\u00bb||0px||false|false\u00a0\u00bb hover_enabled=\u00a0\u00bb0&Prime; global_colors_info=\u00a0\u00bb{}\u00a0\u00bb alt=\u00a0\u00bbAntennes Image 1&Prime; sticky_enabled=\u00a0\u00bb0&Prime;][\/et_pb_image][et_pb_text admin_label=\u00a0\u00bbFeststationsantennen\u00a0\u00bb module_class=\u00a0\u00bbh4&Prime; _builder_version=\u00a0\u00bb4.27.4&Prime; _module_preset=\u00a0\u00bbdefault\u00a0\u00bb header_3_text_align=\u00a0\u00bbcenter\u00a0\u00bb header_3_text_color=\u00a0\u00bb#FFFFFF\u00a0\u00bb header_4_text_align=\u00a0\u00bbcenter\u00a0\u00bb header_4_text_color=\u00a0\u00bb#FFFFFF\u00a0\u00bb background_enable_color=\u00a0\u00bboff\u00a0\u00bb custom_padding=\u00a0\u00bb23px|50px|9px|50px|false|true\u00a0\u00bb link_option_url=\u00a0\u00bbhttps:\/\/shop.pro-tecs.de\/main-categories\/antennen\/feststations-maritim-antennen.html\u00a0\u00bb link_option_url_new_window=\u00a0\u00bbon\u00a0\u00bb global_colors_info=\u00a0\u00bb{%22gcid-7ac511bd-47e9-4241-98c8-bed0dd7deb16%22:%91%22background_color%22%93}\u00a0\u00bb]<\/p>\n<h3>Antennes de station fixe<\/h3>\n<p>[\/et_pb_text][\/et_pb_column][et_pb_column type=\u00a0\u00bb1_4&Prime; _builder_version=\u00a0\u00bb4.24.2&Prime; _module_preset=\u00a0\u00bbdefault\u00a0\u00bb background_color=\u00a0\u00bbgcid-7ac511bd-47e9-4241-98c8-bed0dd7deb16&Prime; animation_style=\u00a0\u00bbslide\u00a0\u00bb animation_direction=\u00a0\u00bbbottom\u00a0\u00bb animation_delay=\u00a0\u00bb200ms\u00a0\u00bb animation_intensity_slide=\u00a0\u00bb10%\u00a0\u00bb global_colors_info=\u00a0\u00bb{%22gcid-7ac511bd-47e9-4241-98c8-bed0dd7deb16%22:%91%22background_color%22,%22background_color%22%93}\u00a0\u00bb][et_pb_image src=\u00a0\u00bbhttps:\/\/pro-tecs.de\/wp-content\/uploads\/2024\/03\/FahrzeugAntennen.jpg\u00a0\u00bb title_text=\u00a0\u00bbV\u00e9hiculeAntennes\u00a0\u00bb show_in_lightbox=\u00a0\u00bbon\u00a0\u00bb _builder_version=\u00a0\u00bb4.27.4&Prime; _module_preset=\u00a0\u00bbdefault\u00a0\u00bb custom_margin=\u00a0\u00bb||0px||false|false\u00a0\u00bb hover_enabled=\u00a0\u00bb0&Prime; global_colors_info=\u00a0\u00bb{}\u00a0\u00bb alt=\u00a0\u00bbAntennes Image 2&Prime; sticky_enabled=\u00a0\u00bb0&Prime;][\/et_pb_image][et_pb_text admin_label=\u00a0\u00bbFahrzeugantennen\u00a0\u00bb module_class=\u00a0\u00bbh4&Prime; _builder_version=\u00a0\u00bb4.27.4&Prime; _module_preset=\u00a0\u00bbdefault\u00a0\u00bb header_3_text_align=\u00a0\u00bbcenter\u00a0\u00bb header_3_text_color=\u00a0\u00bb#FFFFFF\u00a0\u00bb header_4_text_align=\u00a0\u00bbcenter\u00a0\u00bb header_4_text_color=\u00a0\u00bb#FFFFFF\u00a0\u00bb background_enable_color=\u00a0\u00bboff\u00a0\u00bb custom_padding=\u00a0\u00bb23px|50px|9px|50px|false|true\u00a0\u00bb link_option_url=\u00a0\u00bbhttps:\/\/shop.pro-tecs.de\/main-categories\/antennen\/fahrzeugantennen.html\u00a0\u00bb link_option_url_new_window=\u00a0\u00bbon\u00a0\u00bb global_colors_info=\u00a0\u00bb{%22gcid-7ac511bd-47e9-4241-98c8-bed0dd7deb16%22:%91%22background_color%22%93}\u00a0\u00bb]<\/p>\n<h3>V\u00e9hicule-<br \/>\nantennes<\/h3>\n<p>[\/et_pb_text][\/et_pb_column][et_pb_column type=\u00a0\u00bb1_4&Prime; _builder_version=\u00a0\u00bb4.24.2&Prime; _module_preset=\u00a0\u00bbdefault\u00a0\u00bb background_color=\u00a0\u00bbgcid-7ac511bd-47e9-4241-98c8-bed0dd7deb16&Prime; animation_style=\u00a0\u00bbslide\u00a0\u00bb animation_direction=\u00a0\u00bbbottom\u00a0\u00bb animation_delay=\u00a0\u00bb400ms\u00a0\u00bb animation_intensity_slide=\u00a0\u00bb10%\u00a0\u00bb global_colors_info=\u00a0\u00bb{%22gcid-7ac511bd-47e9-4241-98c8-bed0dd7deb16%22:%91%22background_color%22,%22background_color%22,%22background_color%22%93}\u00a0\u00bb][et_pb_image src=\u00a0\u00bbhttps:\/\/pro-tecs.de\/wp-content\/uploads\/2024\/03\/M2M_IOT.jpg\u00a0\u00bb title_text=\u00a0\u00bbM2M_IOT\u00a0\u00bb show_in_lightbox=\u00a0\u00bbon\u00a0\u00bb _builder_version=\u00a0\u00bb4.27.4&Prime; _module_preset=\u00a0\u00bbdefault\u00a0\u00bb custom_margin=\u00a0\u00bb||0px||false|false\u00a0\u00bb hover_enabled=\u00a0\u00bb0&Prime; global_colors_info=\u00a0\u00bb{}\u00a0\u00bb alt=\u00a0\u00bbAntennes Image 3&Prime; sticky_enabled=\u00a0\u00bb0&Prime;][\/et_pb_image][et_pb_text admin_label=\u00a0\u00bbM2M und IoT Antennen\u00a0\u00bb module_class=\u00a0\u00bbh4&Prime; _builder_version=\u00a0\u00bb4.27.4&Prime; _module_preset=\u00a0\u00bbdefault\u00a0\u00bb header_3_text_align=\u00a0\u00bbcenter\u00a0\u00bb header_3_text_color=\u00a0\u00bb#FFFFFF\u00a0\u00bb header_4_text_align=\u00a0\u00bbcenter\u00a0\u00bb header_4_text_color=\u00a0\u00bb#FFFFFF\u00a0\u00bb background_enable_color=\u00a0\u00bboff\u00a0\u00bb custom_padding=\u00a0\u00bb23px|50px|9px|50px|false|true\u00a0\u00bb link_option_url=\u00a0\u00bbhttps:\/\/shop.pro-tecs.de\/main-categories\/antennen\/automatenantennen.html\u00a0\u00bb link_option_url_new_window=\u00a0\u00bbon\u00a0\u00bb global_colors_info=\u00a0\u00bb{%22gcid-7ac511bd-47e9-4241-98c8-bed0dd7deb16%22:%91%22background_color%22%93}\u00a0\u00bb]<\/p>\n<h3>Antennes M2M et IoT<\/h3>\n<p>[\/et_pb_text][\/et_pb_column][et_pb_column type=\u00a0\u00bb1_4&Prime; _builder_version=\u00a0\u00bb4.24.2&Prime; _module_preset=\u00a0\u00bbdefault\u00a0\u00bb background_color=\u00a0\u00bbgcid-7ac511bd-47e9-4241-98c8-bed0dd7deb16&Prime; animation_style=\u00a0\u00bbslide\u00a0\u00bb animation_direction=\u00a0\u00bbbottom\u00a0\u00bb animation_delay=\u00a0\u00bb400ms\u00a0\u00bb animation_intensity_slide=\u00a0\u00bb10%\u00a0\u00bb global_colors_info=\u00a0\u00bb{%22gcid-7ac511bd-47e9-4241-98c8-bed0dd7deb16%22:%91%22background_color%22,%22background_color%22,%22background_color%22%93}\u00a0\u00bb][et_pb_image src=\u00a0\u00bbhttps:\/\/pro-tecs.de\/wp-content\/uploads\/2024\/03\/PortabelAntennen.jpg\u00a0\u00bb title_text=\u00a0\u00bbPortableAntennes\u00a0\u00bb show_in_lightbox=\u00a0\u00bbon\u00a0\u00bb _builder_version=\u00a0\u00bb4.27.4&Prime; _module_preset=\u00a0\u00bbdefault\u00a0\u00bb custom_margin=\u00a0\u00bb||0px||false|false\u00a0\u00bb hover_enabled=\u00a0\u00bb0&Prime; global_colors_info=\u00a0\u00bb{}\u00a0\u00bb alt=\u00a0\u00bbAntennes Image 4&Prime; sticky_enabled=\u00a0\u00bb0&Prime;][\/et_pb_image][et_pb_text admin_label=\u00a0\u00bbPortabelantennen\u00a0\u00bb module_class=\u00a0\u00bbh4&Prime; _builder_version=\u00a0\u00bb4.27.4&Prime; _module_preset=\u00a0\u00bbdefault\u00a0\u00bb header_3_text_align=\u00a0\u00bbcenter\u00a0\u00bb header_3_text_color=\u00a0\u00bb#FFFFFF\u00a0\u00bb header_4_text_align=\u00a0\u00bbcenter\u00a0\u00bb header_4_text_color=\u00a0\u00bb#FFFFFF\u00a0\u00bb background_enable_color=\u00a0\u00bboff\u00a0\u00bb custom_padding=\u00a0\u00bb23px|50px|9px|50px|false|true\u00a0\u00bb link_option_url=\u00a0\u00bbhttps:\/\/shop.pro-tecs.de\/main-categories\/antennen\/portabelantennen.html\u00a0\u00bb link_option_url_new_window=\u00a0\u00bbon\u00a0\u00bb global_colors_info=\u00a0\u00bb{%22gcid-7ac511bd-47e9-4241-98c8-bed0dd7deb16%22:%91%22background_color%22%93}\u00a0\u00bb]<\/p>\n<h3>Portable-<br \/>\nantennes<\/h3>\n<p>[\/et_pb_text][\/et_pb_column][\/et_pb_row][\/et_pb_section]<\/p>\n","protected":false},"excerpt":{"rendered":"<p>Antennes pour diff\u00e9rentes applicationsPour la transmission sans fil des donn\u00e9es et de la voix, il est essentiel de choisir la bonne antenne. PRO-TECS, en tant que fournisseur complet, propose une large gamme d&rsquo;antennes professionnelles des principaux fabricants. PRO-TECS est sp\u00e9cialis\u00e9 dans le domaine de la radiocommunication professionnelle avec des normes telles que TETRA BOS, DMR, [&hellip;]<\/p>\n","protected":false},"author":1,"featured_media":0,"parent":0,"menu_order":0,"comment_status":"closed","ping_status":"closed","template":"","meta":{"_et_pb_use_builder":"on","_et_pb_old_content":"","_et_gb_content_width":"","inline_featured_image":false,"footnotes":""},"class_list":["post-2880","page","type-page","status-publish","hentry"],"_links":{"self":[{"href":"https:\/\/pro-tecs.de\/fr\/wp-json\/wp\/v2\/pages\/2880","targetHints":{"allow":["GET"]}}],"collection":[{"href":"https:\/\/pro-tecs.de\/fr\/wp-json\/wp\/v2\/pages"}],"about":[{"href":"https:\/\/pro-tecs.de\/fr\/wp-json\/wp\/v2\/types\/page"}],"author":[{"embeddable":true,"href":"https:\/\/pro-tecs.de\/fr\/wp-json\/wp\/v2\/users\/1"}],"replies":[{"embeddable":true,"href":"https:\/\/pro-tecs.de\/fr\/wp-json\/wp\/v2\/comments?post=2880"}],"version-history":[{"count":10,"href":"https:\/\/pro-tecs.de\/fr\/wp-json\/wp\/v2\/pages\/2880\/revisions"}],"predecessor-version":[{"id":6893,"href":"https:\/\/pro-tecs.de\/fr\/wp-json\/wp\/v2\/pages\/2880\/revisions\/6893"}],"wp:attachment":[{"href":"https:\/\/pro-tecs.de\/fr\/wp-json\/wp\/v2\/media?parent=2880"}],"curies":[{"name":"wp","href":"https:\/\/api.w.org\/{rel}","templated":true}]}}