{"id":2910,"date":"2024-02-21T14:21:33","date_gmt":"2024-02-21T13:21:33","guid":{"rendered":"https:\/\/pro-tecs.de\/antennas\/"},"modified":"2025-07-02T17:33:34","modified_gmt":"2025-07-02T15:33:34","slug":"antennas","status":"publish","type":"page","link":"https:\/\/pro-tecs.de\/en\/antennas\/","title":{"rendered":"Antennas"},"content":{"rendered":"<p>[et_pb_section fb_built=&#8221;1&#8243; custom_padding_last_edited=&#8221;on|tablet&#8221; admin_label=&#8221;Hero Section&#8221; module_class=&#8221;inside-hero-section&#8221; _builder_version=&#8221;4.24.2&#8243; _module_preset=&#8221;default&#8221; use_background_color_gradient=&#8221;on&#8221; background_color_gradient_stops=&#8221;rgba(0,0,0,0.3) 0%|rgba(0,0,0,0.34) 100%&#8221; background_color_gradient_overlays_image=&#8221;on&#8221; background_image=&#8221;https:\/\/pro-tecs.de\/wp-content\/uploads\/2024\/01\/hero-img.jpg&#8221; parallax=&#8221;on&#8221; parallax_method=&#8221;off&#8221; custom_margin=&#8221;157px||||false|false&#8221; custom_margin_tablet=&#8221;100px||||false|false&#8221; custom_margin_phone=&#8221;126px||||false|false&#8221; custom_margin_last_edited=&#8221;on|tablet&#8221; custom_padding=&#8221;188px||407px||false|false&#8221; custom_padding_tablet=&#8221;69px||207px||false|false&#8221; custom_padding_phone=&#8221;52px||119px||false|false&#8221; background_last_edited=&#8221;on|tablet&#8221; parallax_tablet=&#8221;off&#8221; border_color_bottom=&#8221;#FFFFFF&#8221; global_colors_info=&#8221;{%22gcid-7ac511bd-47e9-4241-98c8-bed0dd7deb16%22:%91%22background_color%22,%22background_color%22%93}&#8221;][et_pb_row admin_label=&#8221;Hero Section Row&#8221; _builder_version=&#8221;4.24.0&#8243; _module_preset=&#8221;default&#8221; custom_padding=&#8221;0px||0px||true|false&#8221; global_colors_info=&#8221;{}&#8221;][et_pb_column type=&#8221;4_4&#8243; _builder_version=&#8221;4.24.0&#8243; _module_preset=&#8221;default&#8221; global_colors_info=&#8221;{}&#8221;][et_pb_text admin_label=&#8221;Page Title&#8221; module_class=&#8221;h1&#8243; _builder_version=&#8221;4.27.4&#8243; _dynamic_attributes=&#8221;content&#8221; _module_preset=&#8221;default&#8221; header_text_color=&#8221;#FFFFFF&#8221; custom_padding=&#8221;||0px||false|false&#8221; border_color_bottom=&#8221;#FFFFFF&#8221; global_colors_info=&#8221;{}&#8221;]@ET-DC@eyJkeW5hbWljIjp0cnVlLCJjb250ZW50IjoicG9zdF90aXRsZSIsInNldHRpbmdzIjp7ImJlZm9yZSI6IjxoMT4iLCJhZnRlciI6IjxcL2gxPiJ9fQ==@[\/et_pb_text][\/et_pb_column][\/et_pb_row][\/et_pb_section][et_pb_section fb_built=&#8221;1&#8243; custom_padding_last_edited=&#8221;on|tablet&#8221; admin_label=&#8221;Body Section&#8221; module_class=&#8221;inner-body-top&#8221; _builder_version=&#8221;4.24.2&#8243; _module_preset=&#8221;default&#8221; custom_padding=&#8221;0px||150px||false|false&#8221; custom_padding_tablet=&#8221;0px||20px||false|false&#8221; custom_padding_phone=&#8221;0px||20px||false|false&#8221; global_colors_info=&#8221;{}&#8221;][et_pb_row use_custom_gutter=&#8221;on&#8221; gutter_width=&#8221;1&#8243; make_equal=&#8221;on&#8221; admin_label=&#8221;Body Section Row&#8221; module_class=&#8221;inner-body-top-row&#8221; _builder_version=&#8221;4.24.2&#8243; _module_preset=&#8221;default&#8221; custom_padding=&#8221;0px||0px||true|false&#8221; global_colors_info=&#8221;{}&#8221;][et_pb_column type=&#8221;4_4&#8243; module_class=&#8221;column1&#8243; _builder_version=&#8221;4.24.2&#8243; _module_preset=&#8221;default&#8221; global_colors_info=&#8221;{}&#8221;][et_pb_text admin_label=&#8221;Antennen f\u00fcr verschiedene Anwendung&#8221; module_class=&#8221;h2&#8243; _builder_version=&#8221;4.27.4&#8243; _module_preset=&#8221;default&#8221; header_3_text_color=&#8221;gcid-7ac511bd-47e9-4241-98c8-bed0dd7deb16&#8243; text_orientation=&#8221;center&#8221; module_alignment=&#8221;center&#8221; custom_margin=&#8221;||12px||false|false&#8221; locked=&#8221;off&#8221; global_colors_info=&#8221;{%22gcid-7ac511bd-47e9-4241-98c8-bed0dd7deb16%22:%91%22header_3_text_color%22%93}&#8221;]<\/p>\n<h2>Antennas for various applications<\/h2>\n<p>[\/et_pb_text][et_pb_text admin_label=&#8221;Zur drahtlosen \u00dcbertragung von Daten und Sprache ist die Auswahl der richtigen Antenne entscheiden. PRO-TECS bietet als Vollsortimenter ein breites Spektrum professioneller Antennen f\u00fchrender Hersteller an.  PRO-TECS ist spezialisiert im Bereich der professionellen Funktechnik mit Standards wie TETRA BOS, DMR, LTE450, Flugfunksysteme oder Analogfunksysteme und in Anwendungen f\u00fcr Mobilfunk wie 5G, LTE, WLAN.&#8221; _builder_version=&#8221;4.24.2&#8243; _module_preset=&#8221;default&#8221; header_3_text_color=&#8221;gcid-7ac511bd-47e9-4241-98c8-bed0dd7deb16&#8243; text_orientation=&#8221;center&#8221; max_width=&#8221;1000px&#8221; module_alignment=&#8221;center&#8221; custom_margin=&#8221;||33px||false|false&#8221; locked=&#8221;off&#8221; global_colors_info=&#8221;{%22gcid-7ac511bd-47e9-4241-98c8-bed0dd7deb16%22:%91%22header_3_text_color%22%93}&#8221;]<\/p>\n<p>Choosing the right antenna is crucial for wireless transmission of data and voice. As a full-range supplier, PRO-TECS offers a broad spectrum of professional antennas from leading manufacturers.<\/p>\n<p>PRO-TECS specializes in the field of professional radio technology with standards such as TETRA BOS, DMR, LTE450, aviation radio systems or analog radio systems and in applications for mobile radio such as 5G, LTE, WLAN.<\/p>\n<p>[\/et_pb_text][et_pb_text admin_label=&#8221;Eine verl\u00e4ssliche Verbindung ist essenziell, damit Sie sich in jeder Situation zuverl\u00e4ssig auf die Kommunikationsdienste verlassen k\u00f6nnen.&#8221; module_class=&#8221;h4&#8243; _builder_version=&#8221;4.27.4&#8243; _module_preset=&#8221;default&#8221; header_3_text_align=&#8221;center&#8221; header_3_text_color=&#8221;#0068A3&#8243; header_4_text_align=&#8221;center&#8221; header_4_text_color=&#8221;gcid-7ac511bd-47e9-4241-98c8-bed0dd7deb16&#8243; header_5_text_align=&#8221;center&#8221; header_5_text_color=&#8221;gcid-7ac511bd-47e9-4241-98c8-bed0dd7deb16&#8243; max_width=&#8221;1100px&#8221; module_alignment=&#8221;center&#8221; global_colors_info=&#8221;{%22gcid-7ac511bd-47e9-4241-98c8-bed0dd7deb16%22:%91%22header_5_text_color%22,%22header_4_text_color%22%93}&#8221;]<\/p>\n<h3>A reliable connection is essential so that you can rely on the communication services in any situation.<\/h3>\n<p>[\/et_pb_text][\/et_pb_column][\/et_pb_row][et_pb_row column_structure=&#8221;1_4,1_4,1_4,1_4&#8243; use_custom_gutter=&#8221;on&#8221; gutter_width=&#8221;2&#8243; make_equal=&#8221;on&#8221; custom_padding_last_edited=&#8221;on|tablet&#8221; module_class=&#8221;solution-product-img product-inrto-pods&#8221; _builder_version=&#8221;4.24.2&#8243; _module_preset=&#8221;default&#8221; width=&#8221;90%&#8221; width_tablet=&#8221;80%&#8221; width_phone=&#8221;80%&#8221; width_last_edited=&#8221;on|phone&#8221; max_width=&#8221;90%&#8221; max_width_tablet=&#8221;80%&#8221; max_width_phone=&#8221;80%&#8221; max_width_last_edited=&#8221;on|tablet&#8221; custom_padding=&#8221;80px||0px||false|false&#8221; custom_padding_tablet=&#8221;42px||||false|false&#8221; custom_padding_phone=&#8221;22px||||false|false&#8221; global_colors_info=&#8221;{}&#8221;][et_pb_column type=&#8221;1_4&#8243; _builder_version=&#8221;4.24.2&#8243; _module_preset=&#8221;default&#8221; background_color=&#8221;gcid-7ac511bd-47e9-4241-98c8-bed0dd7deb16&#8243; animation_style=&#8221;slide&#8221; animation_direction=&#8221;bottom&#8221; animation_intensity_slide=&#8221;10%&#8221; global_colors_info=&#8221;{%22gcid-7ac511bd-47e9-4241-98c8-bed0dd7deb16%22:%91%22background_color%22%93}&#8221;][et_pb_image src=&#8221;https:\/\/pro-tecs.de\/wp-content\/uploads\/2024\/03\/FeststationsAntennen.jpg&#8221; title_text=&#8221;Fixed station antennas&#8221; show_in_lightbox=&#8221;on&#8221; _builder_version=&#8221;4.27.4&#8243; _module_preset=&#8221;default&#8221; custom_margin=&#8221;||0px||false|false&#8221; hover_enabled=&#8221;0&#8243; global_colors_info=&#8221;{}&#8221; alt=&#8221;Antennas Image 1&#8243; sticky_enabled=&#8221;0&#8243;][\/et_pb_image][et_pb_text admin_label=&#8221;Feststationsantennen&#8221; module_class=&#8221;h4&#8243; _builder_version=&#8221;4.27.4&#8243; _module_preset=&#8221;default&#8221; header_3_text_align=&#8221;center&#8221; header_3_text_color=&#8221;#FFFFFF&#8221; header_4_text_align=&#8221;center&#8221; header_4_text_color=&#8221;#FFFFFF&#8221; background_enable_color=&#8221;off&#8221; custom_padding=&#8221;23px|50px|9px|50px|false|true&#8221; link_option_url=&#8221;https:\/\/shop.pro-tecs.de\/main-categories\/antennen\/feststations-maritim-antennen.html&#8221; link_option_url_new_window=&#8221;on&#8221; global_colors_info=&#8221;{%22gcid-7ac511bd-47e9-4241-98c8-bed0dd7deb16%22:%91%22background_color%22%93}&#8221;]<\/p>\n<h3>Fixed station antennas<\/h3>\n<p>[\/et_pb_text][\/et_pb_column][et_pb_column type=&#8221;1_4&#8243; _builder_version=&#8221;4.24.2&#8243; _module_preset=&#8221;default&#8221; background_color=&#8221;gcid-7ac511bd-47e9-4241-98c8-bed0dd7deb16&#8243; animation_style=&#8221;slide&#8221; animation_direction=&#8221;bottom&#8221; animation_delay=&#8221;200ms&#8221; animation_intensity_slide=&#8221;10%&#8221; global_colors_info=&#8221;{%22gcid-7ac511bd-47e9-4241-98c8-bed0dd7deb16%22:%91%22background_color%22,%22background_color%22%93}&#8221;][et_pb_image src=&#8221;https:\/\/pro-tecs.de\/wp-content\/uploads\/2024\/03\/FahrzeugAntennen.jpg&#8221; title_text=&#8221;Vehicle antennas&#8221; show_in_lightbox=&#8221;on&#8221; _builder_version=&#8221;4.27.4&#8243; _module_preset=&#8221;default&#8221; custom_margin=&#8221;||0px||false|false&#8221; hover_enabled=&#8221;0&#8243; global_colors_info=&#8221;{}&#8221; alt=&#8221;Antennas Image 2&#8243; sticky_enabled=&#8221;0&#8243;][\/et_pb_image][et_pb_text admin_label=&#8221;Fahrzeugantennen&#8221; module_class=&#8221;h4&#8243; _builder_version=&#8221;4.27.4&#8243; _module_preset=&#8221;default&#8221; header_3_text_align=&#8221;center&#8221; header_3_text_color=&#8221;#FFFFFF&#8221; header_4_text_align=&#8221;center&#8221; header_4_text_color=&#8221;#FFFFFF&#8221; background_enable_color=&#8221;off&#8221; custom_padding=&#8221;23px|50px|9px|50px|false|true&#8221; link_option_url=&#8221;https:\/\/shop.pro-tecs.de\/main-categories\/antennen\/fahrzeugantennen.html&#8221; link_option_url_new_window=&#8221;on&#8221; global_colors_info=&#8221;{%22gcid-7ac511bd-47e9-4241-98c8-bed0dd7deb16%22:%91%22background_color%22%93}&#8221;]<\/p>\n<h3>Vehicle antennas<br \/>\n<\/h3>\n<p>[\/et_pb_text][\/et_pb_column][et_pb_column type=&#8221;1_4&#8243; _builder_version=&#8221;4.24.2&#8243; _module_preset=&#8221;default&#8221; background_color=&#8221;gcid-7ac511bd-47e9-4241-98c8-bed0dd7deb16&#8243; animation_style=&#8221;slide&#8221; animation_direction=&#8221;bottom&#8221; animation_delay=&#8221;400ms&#8221; animation_intensity_slide=&#8221;10%&#8221; global_colors_info=&#8221;{%22gcid-7ac511bd-47e9-4241-98c8-bed0dd7deb16%22:%91%22background_color%22,%22background_color%22,%22background_color%22%93}&#8221;][et_pb_image src=&#8221;https:\/\/pro-tecs.de\/wp-content\/uploads\/2024\/03\/M2M_IOT.jpg&#8221; title_text=&#8221;M2M_IOT&#8221; show_in_lightbox=&#8221;on&#8221; _builder_version=&#8221;4.27.4&#8243; _module_preset=&#8221;default&#8221; custom_margin=&#8221;||0px||false|false&#8221; hover_enabled=&#8221;0&#8243; global_colors_info=&#8221;{}&#8221; alt=&#8221;Antennas Image 3&#8243; sticky_enabled=&#8221;0&#8243;][\/et_pb_image][et_pb_text admin_label=&#8221;M2M und IoT Antennen&#8221; module_class=&#8221;h4&#8243; _builder_version=&#8221;4.27.4&#8243; _module_preset=&#8221;default&#8221; header_3_text_align=&#8221;center&#8221; header_3_text_color=&#8221;#FFFFFF&#8221; header_4_text_align=&#8221;center&#8221; header_4_text_color=&#8221;#FFFFFF&#8221; background_enable_color=&#8221;off&#8221; custom_padding=&#8221;23px|50px|9px|50px|false|true&#8221; link_option_url=&#8221;https:\/\/shop.pro-tecs.de\/main-categories\/antennen\/automatenantennen.html&#8221; link_option_url_new_window=&#8221;on&#8221; global_colors_info=&#8221;{%22gcid-7ac511bd-47e9-4241-98c8-bed0dd7deb16%22:%91%22background_color%22%93}&#8221;]<\/p>\n<h3>M2M and IoT antennas<\/h3>\n<p>[\/et_pb_text][\/et_pb_column][et_pb_column type=&#8221;1_4&#8243; _builder_version=&#8221;4.24.2&#8243; _module_preset=&#8221;default&#8221; background_color=&#8221;gcid-7ac511bd-47e9-4241-98c8-bed0dd7deb16&#8243; animation_style=&#8221;slide&#8221; animation_direction=&#8221;bottom&#8221; animation_delay=&#8221;400ms&#8221; animation_intensity_slide=&#8221;10%&#8221; global_colors_info=&#8221;{%22gcid-7ac511bd-47e9-4241-98c8-bed0dd7deb16%22:%91%22background_color%22,%22background_color%22,%22background_color%22%93}&#8221;][et_pb_image src=&#8221;https:\/\/pro-tecs.de\/wp-content\/uploads\/2024\/03\/PortabelAntennen.jpg&#8221; title_text=&#8221;Portable antennas&#8221; show_in_lightbox=&#8221;on&#8221; _builder_version=&#8221;4.27.4&#8243; _module_preset=&#8221;default&#8221; custom_margin=&#8221;||0px||false|false&#8221; hover_enabled=&#8221;0&#8243; global_colors_info=&#8221;{}&#8221; alt=&#8221;Antennas Image 4&#8243; sticky_enabled=&#8221;0&#8243;][\/et_pb_image][et_pb_text admin_label=&#8221;Portabelantennen&#8221; module_class=&#8221;h4&#8243; _builder_version=&#8221;4.27.4&#8243; _module_preset=&#8221;default&#8221; header_3_text_align=&#8221;center&#8221; header_3_text_color=&#8221;#FFFFFF&#8221; header_4_text_align=&#8221;center&#8221; header_4_text_color=&#8221;#FFFFFF&#8221; background_enable_color=&#8221;off&#8221; custom_padding=&#8221;23px|50px|9px|50px|false|true&#8221; link_option_url=&#8221;https:\/\/shop.pro-tecs.de\/main-categories\/antennen\/portabelantennen.html&#8221; link_option_url_new_window=&#8221;on&#8221; global_colors_info=&#8221;{%22gcid-7ac511bd-47e9-4241-98c8-bed0dd7deb16%22:%91%22background_color%22%93}&#8221;]<\/p>\n<h3>Portable<br \/>\nantennas<\/h3>\n<p>[\/et_pb_text][\/et_pb_column][\/et_pb_row][\/et_pb_section]<\/p>\n","protected":false},"excerpt":{"rendered":"<p>Antennas for various applicationsChoosing the right antenna is crucial for wireless transmission of data and voice. As a full-range supplier, PRO-TECS offers a broad spectrum of professional antennas from leading manufacturers. PRO-TECS specializes in the field of professional radio technology with standards such as TETRA BOS, DMR, LTE450, aviation radio systems or analog radio systems [&hellip;]<\/p>\n","protected":false},"author":1,"featured_media":0,"parent":0,"menu_order":0,"comment_status":"closed","ping_status":"closed","template":"","meta":{"_et_pb_use_builder":"on","_et_pb_old_content":"","_et_gb_content_width":"","inline_featured_image":false,"footnotes":""},"class_list":["post-2910","page","type-page","status-publish","hentry"],"_links":{"self":[{"href":"https:\/\/pro-tecs.de\/en\/wp-json\/wp\/v2\/pages\/2910","targetHints":{"allow":["GET"]}}],"collection":[{"href":"https:\/\/pro-tecs.de\/en\/wp-json\/wp\/v2\/pages"}],"about":[{"href":"https:\/\/pro-tecs.de\/en\/wp-json\/wp\/v2\/types\/page"}],"author":[{"embeddable":true,"href":"https:\/\/pro-tecs.de\/en\/wp-json\/wp\/v2\/users\/1"}],"replies":[{"embeddable":true,"href":"https:\/\/pro-tecs.de\/en\/wp-json\/wp\/v2\/comments?post=2910"}],"version-history":[{"count":10,"href":"https:\/\/pro-tecs.de\/en\/wp-json\/wp\/v2\/pages\/2910\/revisions"}],"predecessor-version":[{"id":6891,"href":"https:\/\/pro-tecs.de\/en\/wp-json\/wp\/v2\/pages\/2910\/revisions\/6891"}],"wp:attachment":[{"href":"https:\/\/pro-tecs.de\/en\/wp-json\/wp\/v2\/media?parent=2910"}],"curies":[{"name":"wp","href":"https:\/\/api.w.org\/{rel}","templated":true}]}}